{"id":1295,"date":"2025-11-20T19:17:02","date_gmt":"2025-11-20T18:17:02","guid":{"rendered":"https:\/\/dev.belamezey.eu\/szoborpark\/index.php\/fooldal\/"},"modified":"2026-03-01T23:38:46","modified_gmt":"2026-03-01T22:38:46","slug":"pocetna-stranica","status":"publish","type":"page","link":"https:\/\/szoborparkdev.belamezey.eu\/hr\/","title":{"rendered":"F\u0151oldal"},"content":{"rendered":"\t\t<div data-elementor-type=\"wp-page\" data-elementor-id=\"1295\" class=\"elementor elementor-1295 elementor-8\" data-elementor-post-type=\"page\">\n\t\t\t\t<div class=\"elementor-element elementor-element-488de91 e-con-full e-flex e-con e-parent\" data-id=\"488de91\" data-element_type=\"container\" data-e-type=\"container\" data-settings=\"{&quot;background_background&quot;:&quot;classic&quot;}\">\n\t\t<div class=\"elementor-element elementor-element-4f1d9f3 e-flex e-con-boxed e-con e-child\" data-id=\"4f1d9f3\" data-element_type=\"container\" data-e-type=\"container\">\n\t\t\t\t\t<div class=\"e-con-inner\">\n\t\t\t\t<div class=\"elementor-element elementor-element-e138763 elementor-widget elementor-widget-heading\" data-id=\"e138763\" data-element_type=\"widget\" data-e-type=\"widget\" data-widget_type=\"heading.default\">\n\t\t\t\t<div class=\"elementor-widget-container\">\n\t\t\t\t\t<h1 class=\"elementor-heading-title elementor-size-default\">Szobrok, alkot\u00f3k, t\u00f6rt\u00e9netek<\/h1>\t\t\t\t<\/div>\n\t\t\t\t<\/div>\n\t\t\t\t<div class=\"elementor-element elementor-element-2892177 elementor-widget elementor-widget-heading\" data-id=\"2892177\" data-element_type=\"widget\" data-e-type=\"widget\" data-widget_type=\"heading.default\">\n\t\t\t\t<div class=\"elementor-widget-container\">\n\t\t\t\t\t<h2 class=\"elementor-heading-title elementor-size-default\">Sculptures, creators, stories<\/h2>\t\t\t\t<\/div>\n\t\t\t\t<\/div>\n\t\t\t\t<div class=\"elementor-element elementor-element-63b43f1 elementor-widget elementor-widget-heading\" data-id=\"63b43f1\" data-element_type=\"widget\" data-e-type=\"widget\" data-widget_type=\"heading.default\">\n\t\t\t\t<div class=\"elementor-widget-container\">\n\t\t\t\t\t<h2 class=\"elementor-heading-title elementor-size-default\">Skulpture, stvaraoci, pri\u010de<\/h2>\t\t\t\t<\/div>\n\t\t\t\t<\/div>\n\t\t<div class=\"elementor-element elementor-element-cef3ac1 e-grid e-con-full e-con e-child\" data-id=\"cef3ac1\" data-element_type=\"container\" data-e-type=\"container\">\n\t\t\t\t<div class=\"elementor-element elementor-element-3541d52 elementor-widget elementor-widget-image\" data-id=\"3541d52\" data-element_type=\"widget\" data-e-type=\"widget\" data-widget_type=\"image.default\">\n\t\t\t\t<div class=\"elementor-widget-container\">\n\t\t\t\t\t\t\t\t\t\t\t\t\t\t\t\t<a href=\"https:\/\/szoborparkdev.belamezey.eu\/hr\/kako-koristiti-kartu\/\">\n\t\t\t\t\t\t\t<img decoding=\"async\" src=\"https:\/\/szoborparkdev.belamezey.eu\/wp-content\/uploads\/2025\/11\/nyelvvalaszto-hu.webp\" title=\"\" alt=\"\" loading=\"lazy\" \/>\t\t\t\t\t\t\t\t<\/a>\n\t\t\t\t\t\t\t\t\t\t\t\t\t\t\t<\/div>\n\t\t\t\t<\/div>\n\t\t\t\t<div class=\"elementor-element elementor-element-847094c elementor-widget elementor-widget-image\" data-id=\"847094c\" data-element_type=\"widget\" data-e-type=\"widget\" data-widget_type=\"image.default\">\n\t\t\t\t<div class=\"elementor-widget-container\">\n\t\t\t\t\t\t\t\t\t\t\t\t\t\t\t\t<a href=\"https:\/\/szoborparkdev.belamezey.eu\/hr\/kako-koristiti-kartu\/\">\n\t\t\t\t\t\t\t<img decoding=\"async\" src=\"https:\/\/szoborparkdev.belamezey.eu\/wp-content\/uploads\/2025\/11\/nyelvvalaszto-en.webp\" title=\"\" alt=\"\" loading=\"lazy\" \/>\t\t\t\t\t\t\t\t<\/a>\n\t\t\t\t\t\t\t\t\t\t\t\t\t\t\t<\/div>\n\t\t\t\t<\/div>\n\t\t\t\t<div class=\"elementor-element elementor-element-42dd194 elementor-widget elementor-widget-image\" data-id=\"42dd194\" data-element_type=\"widget\" data-e-type=\"widget\" data-widget_type=\"image.default\">\n\t\t\t\t<div class=\"elementor-widget-container\">\n\t\t\t\t\t\t\t\t\t\t\t\t\t\t\t\t<a href=\"https:\/\/szoborparkdev.belamezey.eu\/hr\/kako-koristiti-kartu\/\">\n\t\t\t\t\t\t\t<img decoding=\"async\" src=\"https:\/\/szoborparkdev.belamezey.eu\/wp-content\/uploads\/2025\/11\/nyelvvalaszto-hr.webp\" title=\"\" alt=\"\" loading=\"lazy\" \/>\t\t\t\t\t\t\t\t<\/a>\n\t\t\t\t\t\t\t\t\t\t\t\t\t\t\t<\/div>\n\t\t\t\t<\/div>\n\t\t\t\t<\/div>\n\t\t\t\t\t<\/div>\n\t\t\t\t<\/div>\n\t\t\t\t<\/div>\n\t\t\t\t<\/div>\n\t\t","protected":false},"excerpt":{"rendered":"<p>Szobrok, alkot\u00f3k, t\u00f6rt\u00e9netek Sculptures, creators, stories Skulpture, stvaraoci, pri\u010de<\/p>\n","protected":false},"author":1,"featured_media":0,"parent":0,"menu_order":0,"comment_status":"closed","ping_status":"closed","template":"elementor_canvas","meta":{"footnotes":""},"class_list":["post-1295","page","type-page","status-publish","hentry"],"yoast_head":"<!-- This site is optimized with the Yoast SEO plugin v27.1.1 - https:\/\/yoast.com\/product\/yoast-seo-wordpress\/ -->\n<title>F\u0151oldal - Nagyhars\u00e1nyi Szoborpark<\/title>\n<meta name=\"robots\" content=\"index, follow, max-snippet:-1, max-image-preview:large, max-video-preview:-1\" \/>\n<link rel=\"canonical\" href=\"https:\/\/szoborparkdev.belamezey.eu\/hr\/\" \/>\n<meta property=\"og:locale\" content=\"hr_HR\" \/>\n<meta property=\"og:type\" content=\"article\" \/>\n<meta property=\"og:title\" content=\"F\u0151oldal - Nagyhars\u00e1nyi Szoborpark\" \/>\n<meta property=\"og:description\" content=\"Szobrok, alkot\u00f3k, t\u00f6rt\u00e9netek Sculptures, creators, stories Skulpture, stvaraoci, pri\u010de\" \/>\n<meta property=\"og:url\" content=\"https:\/\/szoborparkdev.belamezey.eu\/hr\/\" \/>\n<meta property=\"og:site_name\" content=\"Nagyhars\u00e1nyi Szoborpark\" \/>\n<meta property=\"article:modified_time\" content=\"2026-03-01T22:38:46+00:00\" \/>\n<meta property=\"og:image\" content=\"https:\/\/szoborparkdev.belamezey.eu\/wp-content\/uploads\/2025\/11\/nyelvvalaszto-hu.webp\" \/>\n<meta name=\"twitter:card\" content=\"summary_large_image\" \/>\n<script type=\"application\/ld+json\" class=\"yoast-schema-graph\">{\"@context\":\"https:\/\/schema.org\",\"@graph\":[{\"@type\":\"WebPage\",\"@id\":\"https:\/\/szoborparkdev.belamezey.eu\/hr\/\",\"url\":\"https:\/\/szoborparkdev.belamezey.eu\/hr\/\",\"name\":\"F\u0151oldal - Nagyhars\u00e1nyi Szoborpark\",\"isPartOf\":{\"@id\":\"https:\/\/szoborparkdev.belamezey.eu\/hr\/#website\"},\"primaryImageOfPage\":{\"@id\":\"https:\/\/szoborparkdev.belamezey.eu\/hr\/#primaryimage\"},\"image\":{\"@id\":\"https:\/\/szoborparkdev.belamezey.eu\/hr\/#primaryimage\"},\"thumbnailUrl\":\"https:\/\/szoborparkdev.belamezey.eu\/wp-content\/uploads\/2025\/11\/nyelvvalaszto-hu.webp\",\"datePublished\":\"2025-11-20T18:17:02+00:00\",\"dateModified\":\"2026-03-01T22:38:46+00:00\",\"breadcrumb\":{\"@id\":\"https:\/\/szoborparkdev.belamezey.eu\/hr\/#breadcrumb\"},\"inLanguage\":\"hr\",\"potentialAction\":[{\"@type\":\"ReadAction\",\"target\":[\"https:\/\/szoborparkdev.belamezey.eu\/hr\/\"]}]},{\"@type\":\"ImageObject\",\"inLanguage\":\"hr\",\"@id\":\"https:\/\/szoborparkdev.belamezey.eu\/hr\/#primaryimage\",\"url\":\"https:\/\/szoborparkdev.belamezey.eu\/wp-content\/uploads\/2025\/11\/nyelvvalaszto-hu.webp\",\"contentUrl\":\"https:\/\/szoborparkdev.belamezey.eu\/wp-content\/uploads\/2025\/11\/nyelvvalaszto-hu.webp\"},{\"@type\":\"BreadcrumbList\",\"@id\":\"https:\/\/szoborparkdev.belamezey.eu\/hr\/#breadcrumb\",\"itemListElement\":[{\"@type\":\"ListItem\",\"position\":1,\"name\":\"Kezd\u0151lap\",\"item\":\"https:\/\/szoborparkdev.belamezey.eu\/hr\/\"},{\"@type\":\"ListItem\",\"position\":2,\"name\":\"F\u0151oldal\"}]},{\"@type\":\"WebSite\",\"@id\":\"https:\/\/szoborparkdev.belamezey.eu\/hr\/#website\",\"url\":\"https:\/\/szoborparkdev.belamezey.eu\/hr\/\",\"name\":\"Nagyhars\u00e1nyi Szoborpark\",\"description\":\"\",\"potentialAction\":[{\"@type\":\"SearchAction\",\"target\":{\"@type\":\"EntryPoint\",\"urlTemplate\":\"https:\/\/szoborparkdev.belamezey.eu\/hr\/?s={search_term_string}\"},\"query-input\":{\"@type\":\"PropertyValueSpecification\",\"valueRequired\":true,\"valueName\":\"search_term_string\"}}],\"inLanguage\":\"hr\"}]}<\/script>\n<!-- \/ Yoast SEO plugin. -->","yoast_head_json":{"title":"F\u0151oldal - Nagyhars\u00e1nyi Szoborpark","robots":{"index":"index","follow":"follow","max-snippet":"max-snippet:-1","max-image-preview":"max-image-preview:large","max-video-preview":"max-video-preview:-1"},"canonical":"https:\/\/szoborparkdev.belamezey.eu\/hr\/","og_locale":"hr_HR","og_type":"article","og_title":"F\u0151oldal - Nagyhars\u00e1nyi Szoborpark","og_description":"Szobrok, alkot\u00f3k, t\u00f6rt\u00e9netek Sculptures, creators, stories Skulpture, stvaraoci, pri\u010de","og_url":"https:\/\/szoborparkdev.belamezey.eu\/hr\/","og_site_name":"Nagyhars\u00e1nyi Szoborpark","article_modified_time":"2026-03-01T22:38:46+00:00","og_image":[{"url":"https:\/\/szoborparkdev.belamezey.eu\/wp-content\/uploads\/2025\/11\/nyelvvalaszto-hu.webp","type":"","width":"","height":""}],"twitter_card":"summary_large_image","schema":{"@context":"https:\/\/schema.org","@graph":[{"@type":"WebPage","@id":"https:\/\/szoborparkdev.belamezey.eu\/hr\/","url":"https:\/\/szoborparkdev.belamezey.eu\/hr\/","name":"F\u0151oldal - Nagyhars\u00e1nyi Szoborpark","isPartOf":{"@id":"https:\/\/szoborparkdev.belamezey.eu\/hr\/#website"},"primaryImageOfPage":{"@id":"https:\/\/szoborparkdev.belamezey.eu\/hr\/#primaryimage"},"image":{"@id":"https:\/\/szoborparkdev.belamezey.eu\/hr\/#primaryimage"},"thumbnailUrl":"https:\/\/szoborparkdev.belamezey.eu\/wp-content\/uploads\/2025\/11\/nyelvvalaszto-hu.webp","datePublished":"2025-11-20T18:17:02+00:00","dateModified":"2026-03-01T22:38:46+00:00","breadcrumb":{"@id":"https:\/\/szoborparkdev.belamezey.eu\/hr\/#breadcrumb"},"inLanguage":"hr","potentialAction":[{"@type":"ReadAction","target":["https:\/\/szoborparkdev.belamezey.eu\/hr\/"]}]},{"@type":"ImageObject","inLanguage":"hr","@id":"https:\/\/szoborparkdev.belamezey.eu\/hr\/#primaryimage","url":"https:\/\/szoborparkdev.belamezey.eu\/wp-content\/uploads\/2025\/11\/nyelvvalaszto-hu.webp","contentUrl":"https:\/\/szoborparkdev.belamezey.eu\/wp-content\/uploads\/2025\/11\/nyelvvalaszto-hu.webp"},{"@type":"BreadcrumbList","@id":"https:\/\/szoborparkdev.belamezey.eu\/hr\/#breadcrumb","itemListElement":[{"@type":"ListItem","position":1,"name":"Kezd\u0151lap","item":"https:\/\/szoborparkdev.belamezey.eu\/hr\/"},{"@type":"ListItem","position":2,"name":"F\u0151oldal"}]},{"@type":"WebSite","@id":"https:\/\/szoborparkdev.belamezey.eu\/hr\/#website","url":"https:\/\/szoborparkdev.belamezey.eu\/hr\/","name":"Nagyhars\u00e1nyi Szoborpark","description":"","potentialAction":[{"@type":"SearchAction","target":{"@type":"EntryPoint","urlTemplate":"https:\/\/szoborparkdev.belamezey.eu\/hr\/?s={search_term_string}"},"query-input":{"@type":"PropertyValueSpecification","valueRequired":true,"valueName":"search_term_string"}}],"inLanguage":"hr"}]}},"_links":{"self":[{"href":"https:\/\/szoborparkdev.belamezey.eu\/hr\/wp-json\/wp\/v2\/pages\/1295","targetHints":{"allow":["GET"]}}],"collection":[{"href":"https:\/\/szoborparkdev.belamezey.eu\/hr\/wp-json\/wp\/v2\/pages"}],"about":[{"href":"https:\/\/szoborparkdev.belamezey.eu\/hr\/wp-json\/wp\/v2\/types\/page"}],"author":[{"embeddable":true,"href":"https:\/\/szoborparkdev.belamezey.eu\/hr\/wp-json\/wp\/v2\/users\/1"}],"replies":[{"embeddable":true,"href":"https:\/\/szoborparkdev.belamezey.eu\/hr\/wp-json\/wp\/v2\/comments?post=1295"}],"version-history":[{"count":9,"href":"https:\/\/szoborparkdev.belamezey.eu\/hr\/wp-json\/wp\/v2\/pages\/1295\/revisions"}],"predecessor-version":[{"id":4311,"href":"https:\/\/szoborparkdev.belamezey.eu\/hr\/wp-json\/wp\/v2\/pages\/1295\/revisions\/4311"}],"wp:attachment":[{"href":"https:\/\/szoborparkdev.belamezey.eu\/hr\/wp-json\/wp\/v2\/media?parent=1295"}],"curies":[{"name":"wp","href":"https:\/\/api.w.org\/{rel}","templated":true}]}}