{"id":1287,"date":"2025-12-06T16:38:35","date_gmt":"2025-12-06T15:38:35","guid":{"rendered":"https:\/\/dev.belamezey.eu\/szoborpark\/index.php\/terkep-hasznalata-info-oldal\/"},"modified":"2026-02-18T19:24:31","modified_gmt":"2026-02-18T18:24:31","slug":"kako-koristiti-kartu","status":"publish","type":"page","link":"https:\/\/szoborparkdev.belamezey.eu\/hr\/kako-koristiti-kartu\/","title":{"rendered":"T\u00e9rk\u00e9p haszn\u00e1lata info oldal"},"content":{"rendered":"\t\t<div data-elementor-type=\"wp-page\" data-elementor-id=\"1287\" class=\"elementor elementor-1287 elementor-977\" data-elementor-post-type=\"page\">\n\t\t\t\t<div class=\"elementor-element elementor-element-eed954e e-con-full e-flex e-con e-parent\" data-id=\"eed954e\" data-element_type=\"container\" data-e-type=\"container\" data-settings=\"{&quot;background_background&quot;:&quot;classic&quot;}\">\n\t\t\t\t<div class=\"elementor-element elementor-element-99cdc79 elementor-widget__width-initial elementor-widget elementor-widget-heading\" data-id=\"99cdc79\" data-element_type=\"widget\" data-e-type=\"widget\" data-widget_type=\"heading.default\">\n\t\t\t\t<div class=\"elementor-widget-container\">\n\t\t\t\t\t<h1 class=\"elementor-heading-title elementor-size-default\">Kori\u0161tenje interaktivne karte<\/h1>\t\t\t\t<\/div>\n\t\t\t\t<\/div>\n\t\t\t\t<div class=\"elementor-element elementor-element-7312757 elementor-widget__width-initial elementor-widget elementor-widget-heading\" data-id=\"7312757\" data-element_type=\"widget\" data-e-type=\"widget\" data-widget_type=\"heading.default\">\n\t\t\t\t<div class=\"elementor-widget-container\">\n\t\t\t\t\t<h2 class=\"elementor-heading-title elementor-size-default\">Koristite uobi\u010dajene geste dodirnog zaslona<\/h2>\t\t\t\t<\/div>\n\t\t\t\t<\/div>\n\t\t\t\t<div class=\"elementor-element elementor-element-c6dc198 elementor-widget elementor-widget-image\" data-id=\"c6dc198\" data-element_type=\"widget\" data-e-type=\"widget\" data-widget_type=\"image.default\">\n\t\t\t\t<div class=\"elementor-widget-container\">\n\t\t\t\t\t\t\t\t\t\t\t\t\t\t\t<img fetchpriority=\"high\" decoding=\"async\" width=\"650\" height=\"214\" src=\"https:\/\/szoborparkdev.belamezey.eu\/wp-content\/uploads\/2026\/01\/gestures-1.webp\" class=\"attachment-full size-full wp-image-4291\" alt=\"\" srcset=\"https:\/\/szoborparkdev.belamezey.eu\/wp-content\/uploads\/2026\/01\/gestures-1.webp 650w, https:\/\/szoborparkdev.belamezey.eu\/wp-content\/uploads\/2026\/01\/gestures-1-300x99.webp 300w\" sizes=\"(max-width: 650px) 100vw, 650px\" \/>\t\t\t\t\t\t\t\t\t\t\t\t\t\t\t<\/div>\n\t\t\t\t<\/div>\n\t\t\t\t<div class=\"elementor-element elementor-element-b4d64f9 elementor-widget elementor-widget-button\" data-id=\"b4d64f9\" data-element_type=\"widget\" data-e-type=\"widget\" data-widget_type=\"button.default\">\n\t\t\t\t<div class=\"elementor-widget-container\">\n\t\t\t\t\t\t\t\t\t<div class=\"elementor-button-wrapper\">\n\t\t\t\t\t<a class=\"elementor-button elementor-button-link elementor-size-sm\" href=\"https:\/\/szoborparkdev.belamezey.eu\/hr\/karta\/\">\n\t\t\t\t\t\t<span class=\"elementor-button-content-wrapper\">\n\t\t\t\t\t\t\t\t\t<span class=\"elementor-button-text\">Dobro, shva\u0107am, mo\u017eemo krenuti!<\/span>\n\t\t\t\t\t<\/span>\n\t\t\t\t\t<\/a>\n\t\t\t\t<\/div>\n\t\t\t\t\t\t\t\t<\/div>\n\t\t\t\t<\/div>\n\t\t\t\t<\/div>\n\t\t\t\t<\/div>\n\t\t","protected":false},"excerpt":{"rendered":"<p>Kori\u0161tenje interaktivne karte Koristite uobi\u010dajene geste dodirnog zaslona Dobro, shva\u0107am, mo\u017eemo krenuti!<\/p>\n","protected":false},"author":2,"featured_media":0,"parent":0,"menu_order":0,"comment_status":"closed","ping_status":"closed","template":"","meta":{"footnotes":""},"class_list":["post-1287","page","type-page","status-publish","hentry"],"yoast_head":"<!-- This site is optimized with the Yoast SEO plugin v27.1.1 - https:\/\/yoast.com\/product\/yoast-seo-wordpress\/ -->\n<title>T\u00e9rk\u00e9p haszn\u00e1lata info oldal - Nagyhars\u00e1nyi Szoborpark<\/title>\n<meta name=\"robots\" content=\"index, follow, max-snippet:-1, max-image-preview:large, max-video-preview:-1\" \/>\n<link rel=\"canonical\" href=\"https:\/\/szoborparkdev.belamezey.eu\/hr\/kako-koristiti-kartu\/\" \/>\n<meta property=\"og:locale\" content=\"hr_HR\" \/>\n<meta property=\"og:type\" content=\"article\" \/>\n<meta property=\"og:title\" content=\"T\u00e9rk\u00e9p haszn\u00e1lata info oldal - Nagyhars\u00e1nyi Szoborpark\" \/>\n<meta property=\"og:description\" content=\"Kori\u0161tenje interaktivne karte Koristite uobi\u010dajene geste dodirnog zaslona Dobro, shva\u0107am, mo\u017eemo krenuti!\" \/>\n<meta property=\"og:url\" content=\"https:\/\/szoborparkdev.belamezey.eu\/hr\/kako-koristiti-kartu\/\" \/>\n<meta property=\"og:site_name\" content=\"Nagyhars\u00e1nyi Szoborpark\" \/>\n<meta property=\"article:modified_time\" content=\"2026-02-18T18:24:31+00:00\" \/>\n<meta property=\"og:image\" content=\"https:\/\/szoborparkdev.belamezey.eu\/wp-content\/uploads\/2026\/01\/gestures-1.webp\" \/>\n\t<meta property=\"og:image:width\" content=\"650\" \/>\n\t<meta property=\"og:image:height\" content=\"214\" \/>\n\t<meta property=\"og:image:type\" content=\"image\/webp\" \/>\n<meta name=\"twitter:card\" content=\"summary_large_image\" \/>\n<script type=\"application\/ld+json\" class=\"yoast-schema-graph\">{\"@context\":\"https:\/\/schema.org\",\"@graph\":[{\"@type\":\"WebPage\",\"@id\":\"https:\/\/szoborparkdev.belamezey.eu\/hr\/kako-koristiti-kartu\/\",\"url\":\"https:\/\/szoborparkdev.belamezey.eu\/hr\/kako-koristiti-kartu\/\",\"name\":\"T\u00e9rk\u00e9p haszn\u00e1lata info oldal - Nagyhars\u00e1nyi Szoborpark\",\"isPartOf\":{\"@id\":\"https:\/\/szoborparkdev.belamezey.eu\/hr\/#website\"},\"primaryImageOfPage\":{\"@id\":\"https:\/\/szoborparkdev.belamezey.eu\/hr\/kako-koristiti-kartu\/#primaryimage\"},\"image\":{\"@id\":\"https:\/\/szoborparkdev.belamezey.eu\/hr\/kako-koristiti-kartu\/#primaryimage\"},\"thumbnailUrl\":\"https:\/\/szoborparkdev.belamezey.eu\/wp-content\/uploads\/2026\/01\/gestures-1.webp\",\"datePublished\":\"2025-12-06T15:38:35+00:00\",\"dateModified\":\"2026-02-18T18:24:31+00:00\",\"breadcrumb\":{\"@id\":\"https:\/\/szoborparkdev.belamezey.eu\/hr\/kako-koristiti-kartu\/#breadcrumb\"},\"inLanguage\":\"hr\",\"potentialAction\":[{\"@type\":\"ReadAction\",\"target\":[\"https:\/\/szoborparkdev.belamezey.eu\/hr\/kako-koristiti-kartu\/\"]}]},{\"@type\":\"ImageObject\",\"inLanguage\":\"hr\",\"@id\":\"https:\/\/szoborparkdev.belamezey.eu\/hr\/kako-koristiti-kartu\/#primaryimage\",\"url\":\"https:\/\/szoborparkdev.belamezey.eu\/wp-content\/uploads\/2026\/01\/gestures-1.webp\",\"contentUrl\":\"https:\/\/szoborparkdev.belamezey.eu\/wp-content\/uploads\/2026\/01\/gestures-1.webp\"},{\"@type\":\"BreadcrumbList\",\"@id\":\"https:\/\/szoborparkdev.belamezey.eu\/hr\/kako-koristiti-kartu\/#breadcrumb\",\"itemListElement\":[{\"@type\":\"ListItem\",\"position\":1,\"name\":\"Kezd\u0151lap\",\"item\":\"https:\/\/szoborparkdev.belamezey.eu\/hr\/\"},{\"@type\":\"ListItem\",\"position\":2,\"name\":\"T\u00e9rk\u00e9p haszn\u00e1lata info oldal\"}]},{\"@type\":\"WebSite\",\"@id\":\"https:\/\/szoborparkdev.belamezey.eu\/hr\/#website\",\"url\":\"https:\/\/szoborparkdev.belamezey.eu\/hr\/\",\"name\":\"Nagyhars\u00e1nyi Szoborpark\",\"description\":\"\",\"potentialAction\":[{\"@type\":\"SearchAction\",\"target\":{\"@type\":\"EntryPoint\",\"urlTemplate\":\"https:\/\/szoborparkdev.belamezey.eu\/hr\/?s={search_term_string}\"},\"query-input\":{\"@type\":\"PropertyValueSpecification\",\"valueRequired\":true,\"valueName\":\"search_term_string\"}}],\"inLanguage\":\"hr\"}]}<\/script>\n<!-- \/ Yoast SEO plugin. -->","yoast_head_json":{"title":"T\u00e9rk\u00e9p haszn\u00e1lata info oldal - Nagyhars\u00e1nyi Szoborpark","robots":{"index":"index","follow":"follow","max-snippet":"max-snippet:-1","max-image-preview":"max-image-preview:large","max-video-preview":"max-video-preview:-1"},"canonical":"https:\/\/szoborparkdev.belamezey.eu\/hr\/kako-koristiti-kartu\/","og_locale":"hr_HR","og_type":"article","og_title":"T\u00e9rk\u00e9p haszn\u00e1lata info oldal - Nagyhars\u00e1nyi Szoborpark","og_description":"Kori\u0161tenje interaktivne karte Koristite uobi\u010dajene geste dodirnog zaslona Dobro, shva\u0107am, mo\u017eemo krenuti!","og_url":"https:\/\/szoborparkdev.belamezey.eu\/hr\/kako-koristiti-kartu\/","og_site_name":"Nagyhars\u00e1nyi Szoborpark","article_modified_time":"2026-02-18T18:24:31+00:00","og_image":[{"width":650,"height":214,"url":"https:\/\/szoborparkdev.belamezey.eu\/wp-content\/uploads\/2026\/01\/gestures-1.webp","type":"image\/webp"}],"twitter_card":"summary_large_image","schema":{"@context":"https:\/\/schema.org","@graph":[{"@type":"WebPage","@id":"https:\/\/szoborparkdev.belamezey.eu\/hr\/kako-koristiti-kartu\/","url":"https:\/\/szoborparkdev.belamezey.eu\/hr\/kako-koristiti-kartu\/","name":"T\u00e9rk\u00e9p haszn\u00e1lata info oldal - Nagyhars\u00e1nyi Szoborpark","isPartOf":{"@id":"https:\/\/szoborparkdev.belamezey.eu\/hr\/#website"},"primaryImageOfPage":{"@id":"https:\/\/szoborparkdev.belamezey.eu\/hr\/kako-koristiti-kartu\/#primaryimage"},"image":{"@id":"https:\/\/szoborparkdev.belamezey.eu\/hr\/kako-koristiti-kartu\/#primaryimage"},"thumbnailUrl":"https:\/\/szoborparkdev.belamezey.eu\/wp-content\/uploads\/2026\/01\/gestures-1.webp","datePublished":"2025-12-06T15:38:35+00:00","dateModified":"2026-02-18T18:24:31+00:00","breadcrumb":{"@id":"https:\/\/szoborparkdev.belamezey.eu\/hr\/kako-koristiti-kartu\/#breadcrumb"},"inLanguage":"hr","potentialAction":[{"@type":"ReadAction","target":["https:\/\/szoborparkdev.belamezey.eu\/hr\/kako-koristiti-kartu\/"]}]},{"@type":"ImageObject","inLanguage":"hr","@id":"https:\/\/szoborparkdev.belamezey.eu\/hr\/kako-koristiti-kartu\/#primaryimage","url":"https:\/\/szoborparkdev.belamezey.eu\/wp-content\/uploads\/2026\/01\/gestures-1.webp","contentUrl":"https:\/\/szoborparkdev.belamezey.eu\/wp-content\/uploads\/2026\/01\/gestures-1.webp"},{"@type":"BreadcrumbList","@id":"https:\/\/szoborparkdev.belamezey.eu\/hr\/kako-koristiti-kartu\/#breadcrumb","itemListElement":[{"@type":"ListItem","position":1,"name":"Kezd\u0151lap","item":"https:\/\/szoborparkdev.belamezey.eu\/hr\/"},{"@type":"ListItem","position":2,"name":"T\u00e9rk\u00e9p haszn\u00e1lata info oldal"}]},{"@type":"WebSite","@id":"https:\/\/szoborparkdev.belamezey.eu\/hr\/#website","url":"https:\/\/szoborparkdev.belamezey.eu\/hr\/","name":"Nagyhars\u00e1nyi Szoborpark","description":"","potentialAction":[{"@type":"SearchAction","target":{"@type":"EntryPoint","urlTemplate":"https:\/\/szoborparkdev.belamezey.eu\/hr\/?s={search_term_string}"},"query-input":{"@type":"PropertyValueSpecification","valueRequired":true,"valueName":"search_term_string"}}],"inLanguage":"hr"}]}},"_links":{"self":[{"href":"https:\/\/szoborparkdev.belamezey.eu\/hr\/wp-json\/wp\/v2\/pages\/1287","targetHints":{"allow":["GET"]}}],"collection":[{"href":"https:\/\/szoborparkdev.belamezey.eu\/hr\/wp-json\/wp\/v2\/pages"}],"about":[{"href":"https:\/\/szoborparkdev.belamezey.eu\/hr\/wp-json\/wp\/v2\/types\/page"}],"author":[{"embeddable":true,"href":"https:\/\/szoborparkdev.belamezey.eu\/hr\/wp-json\/wp\/v2\/users\/2"}],"replies":[{"embeddable":true,"href":"https:\/\/szoborparkdev.belamezey.eu\/hr\/wp-json\/wp\/v2\/comments?post=1287"}],"version-history":[{"count":11,"href":"https:\/\/szoborparkdev.belamezey.eu\/hr\/wp-json\/wp\/v2\/pages\/1287\/revisions"}],"predecessor-version":[{"id":4292,"href":"https:\/\/szoborparkdev.belamezey.eu\/hr\/wp-json\/wp\/v2\/pages\/1287\/revisions\/4292"}],"wp:attachment":[{"href":"https:\/\/szoborparkdev.belamezey.eu\/hr\/wp-json\/wp\/v2\/media?parent=1287"}],"curies":[{"name":"wp","href":"https:\/\/api.w.org\/{rel}","templated":true}]}}